{"id":113,"date":"2017-12-01T11:29:00","date_gmt":"2017-12-01T11:29:00","guid":{"rendered":"https:\/\/pillaroffire.nl\/winkel\/?post_type=product&#038;p=113"},"modified":"2026-04-07T21:22:05","modified_gmt":"2026-04-07T19:22:05","slug":"de-toekomst-van-israel","status":"publish","type":"product","link":"https:\/\/pillaroffire.nl\/winkel\/product\/de-toekomst-van-israel\/","title":{"rendered":"De Toekomst van Isra\u00ebl &#8211; Ben Hoekendijk"},"content":{"rendered":"","protected":false},"excerpt":{"rendered":"<p>Interviews met Messiaanse leiders over &#8216;De toekomst van Isra\u00ebl&#8217;<br \/>\n&#8220;Toen een helikopter de politiepost in Ramalla en het radiostation van Yassar Arafat beschoot, wist ik meteen dat ik naar Isra\u00ebl moest vliegen om de Messiaanse leiders te ondervragen over hun visie op de toekomst, de profetie\u00ebn over de eindtijd, het huidige Isra\u00ebl, de relatie Joden- christenen en hoe zij er tegenover stonden dat steeds meer christenen de joodse wortels van het geloof onderzoeken. Het boek is een moza\u00efek van soms tegenstrijdige en provocerende meningen. Naast Messiaanse leiders komt ook een Palestijnse leider en een joodse calvinist aan het woord. Maar over \u00e9\u00e9n ding zijn ze het eens: Isra\u00ebl speelt de hoofdrol in de ontwikkelingen die leiden tot de wederkomst van Jezus.\u201d<\/p>\n<p>(uitgever: Shalom Books)<\/p>\n","protected":false},"featured_media":4152,"comment_status":"open","ping_status":"closed","template":"","meta":[],"product_brand":[],"product_cat":[15],"product_tag":[],"class_list":{"0":"post-113","1":"product","2":"type-product","3":"status-publish","4":"has-post-thumbnail","6":"product_cat-boeken","8":"first","9":"instock","10":"sale","11":"shipping-taxable","12":"purchasable","13":"product-type-simple"},"_links":{"self":[{"href":"https:\/\/pillaroffire.nl\/winkel\/wp-json\/wp\/v2\/product\/113","targetHints":{"allow":["GET"]}}],"collection":[{"href":"https:\/\/pillaroffire.nl\/winkel\/wp-json\/wp\/v2\/product"}],"about":[{"href":"https:\/\/pillaroffire.nl\/winkel\/wp-json\/wp\/v2\/types\/product"}],"replies":[{"embeddable":true,"href":"https:\/\/pillaroffire.nl\/winkel\/wp-json\/wp\/v2\/comments?post=113"}],"wp:featuredmedia":[{"embeddable":true,"href":"https:\/\/pillaroffire.nl\/winkel\/wp-json\/wp\/v2\/media\/4152"}],"wp:attachment":[{"href":"https:\/\/pillaroffire.nl\/winkel\/wp-json\/wp\/v2\/media?parent=113"}],"wp:term":[{"taxonomy":"product_brand","embeddable":true,"href":"https:\/\/pillaroffire.nl\/winkel\/wp-json\/wp\/v2\/product_brand?post=113"},{"taxonomy":"product_cat","embeddable":true,"href":"https:\/\/pillaroffire.nl\/winkel\/wp-json\/wp\/v2\/product_cat?post=113"},{"taxonomy":"product_tag","embeddable":true,"href":"https:\/\/pillaroffire.nl\/winkel\/wp-json\/wp\/v2\/product_tag?post=113"}],"curies":[{"name":"wp","href":"https:\/\/api.w.org\/{rel}","templated":true}]}}