{"id":137,"date":"2017-12-01T11:40:06","date_gmt":"2017-12-01T11:40:06","guid":{"rendered":"https:\/\/pillaroffire.nl\/winkel\/?post_type=product&#038;p=137"},"modified":"2026-02-12T15:23:27","modified_gmt":"2026-02-12T13:23:27","slug":"gesetzlichkeit-wessen-schabbatgesetze-halten-wir","status":"publish","type":"product","link":"https:\/\/pillaroffire.nl\/winkel\/product\/gesetzlichkeit-wessen-schabbatgesetze-halten-wir\/","title":{"rendered":"Gesetzlichkeit \u2013 Wessen Schabbatgesetze halten wir?"},"content":{"rendered":"","protected":false},"excerpt":{"rendered":"<p>&#8220;Ist der Schabbat nur f\u00fcr Israel bestimmt?<\/p>\n<p>Der Schabbat ist in der Bibel das erste \u2018Fest des HERRN\u2019, zusammen mit Pessach, dem Wochenfest und dem Laubh\u00fcttenfest. Sollen Christen den Schabbat halten? Oder sind sie hierzu nicht verpflichtet, im Gegensatz zum j\u00fcdischen Volk?<br \/>\nOder m\u00fcssen wir sagen: Gl\u00e4ubige aus den Heidenv\u00f6lkern d\u00fcrfen den Schabbat und die anderen Feste des HERRN feiern, zusammen mit dem j\u00fcdischen Volk. Und wie kommen wir eigentlich darauf, den Sonntagals den \u2018Tag des HERRN\u2019 zu feiern?<\/p>\n<p>Christen, die den Schabbat feiern wollen, werden in ihrer Umgebung oft mit Misstrauen angesehen. \u2018Kommst Du so nicht wieder unter das Gesetz? Davon sind wir doch durch Christus befreit?\u2019 Aber ist die Angst begr\u00fcndet? Und stimmt unsere g\u00e4ngige Auffassung \u00fcber \u2018Gesetz und Gnade\u2019 eigentlich? \u00dcber dieses Thema wurde schon viel publiziert. Jetzt wo wir Zeugen der nat\u00fcrlichen Wiederherstellung Israels sind, und wir auch den Anfang der Erf\u00fcllung der Verhei\u00dfung der geistlichen WiederherstellungIsraels sehen, wird diese Frage aktueller denn je.<\/p>\n<p>Mike Fryer gibt aus der Bibel und mit vielen historischen Informationen Antworten auf diese Fragen. Er richtet sich vor allem an diejenigen, die kritisiert werden, weil sie sich f\u00fcr den Schabbat entschieden haben. Diese Brosch\u00fcre soll aber auch denen, die obenstehende Fragen haben, eine bessere Sicht auf diese wichtige Frage geben.&#8221;<\/p>\n<p>Michael S. Fryer, (uitgever: PoF)<\/p>\n","protected":false},"featured_media":4170,"comment_status":"open","ping_status":"closed","template":"","meta":[],"product_brand":[],"product_cat":[15],"product_tag":[],"class_list":{"0":"post-137","1":"product","2":"type-product","3":"status-publish","4":"has-post-thumbnail","6":"product_cat-boeken","8":"first","9":"instock","10":"shipping-taxable","11":"purchasable","12":"product-type-simple"},"_links":{"self":[{"href":"https:\/\/pillaroffire.nl\/winkel\/wp-json\/wp\/v2\/product\/137","targetHints":{"allow":["GET"]}}],"collection":[{"href":"https:\/\/pillaroffire.nl\/winkel\/wp-json\/wp\/v2\/product"}],"about":[{"href":"https:\/\/pillaroffire.nl\/winkel\/wp-json\/wp\/v2\/types\/product"}],"replies":[{"embeddable":true,"href":"https:\/\/pillaroffire.nl\/winkel\/wp-json\/wp\/v2\/comments?post=137"}],"wp:featuredmedia":[{"embeddable":true,"href":"https:\/\/pillaroffire.nl\/winkel\/wp-json\/wp\/v2\/media\/4170"}],"wp:attachment":[{"href":"https:\/\/pillaroffire.nl\/winkel\/wp-json\/wp\/v2\/media?parent=137"}],"wp:term":[{"taxonomy":"product_brand","embeddable":true,"href":"https:\/\/pillaroffire.nl\/winkel\/wp-json\/wp\/v2\/product_brand?post=137"},{"taxonomy":"product_cat","embeddable":true,"href":"https:\/\/pillaroffire.nl\/winkel\/wp-json\/wp\/v2\/product_cat?post=137"},{"taxonomy":"product_tag","embeddable":true,"href":"https:\/\/pillaroffire.nl\/winkel\/wp-json\/wp\/v2\/product_tag?post=137"}],"curies":[{"name":"wp","href":"https:\/\/api.w.org\/{rel}","templated":true}]}}