{"id":3313,"date":"2023-05-30T11:46:19","date_gmt":"2023-05-30T11:46:19","guid":{"rendered":"https:\/\/pillaroffire.nl\/winkel\/?post_type=product&#038;p=3313"},"modified":"2025-12-27T13:52:15","modified_gmt":"2025-12-27T11:52:15","slug":"zegen-door-israel-oscar-lohuis","status":"publish","type":"product","link":"https:\/\/pillaroffire.nl\/winkel\/product\/zegen-door-israel-oscar-lohuis\/","title":{"rendered":"Zegen door Israel &#8211; Oscar Lohuis"},"content":{"rendered":"","protected":false},"excerpt":{"rendered":"<p>Vanaf het midden van de negentiende eeuw keerden Joden terug naar het beloofde land en in de twintigste eeuw kwam Isra\u00ebl weer op de kaart van de wereld te staan. Hoe zien we<br \/>\ndat in het licht van wat de Bijbel over Isra\u00ebl zegt? Speelt Isra\u00ebl nog een rol in Gods verlossingsplan voor deze wereld? Wat hebben de terugkeer van de Joden naar het land en<br \/>\nhet ontstaan van de staat Isra\u00ebl te maken met het Evangelie? Wat is een Bijbelse visie op Isra\u00ebl en hoe kunnen wij op een goede manier betrokken raken bij Isra\u00ebl, zonder in<br \/>\nextremen te vervallen of af te dwalen van het Evangelie?<\/p>\n<p>&#8216;Zegen door Isra\u00ebl&#8217; is bedoeld als een gemakkelijk leesbaar boek dat antwoord geeft op deze en andere vragen. Oscar Lohuis verbleef twee weken alleen in Jeruzalem en heeft<br \/>\nin die korte periode het grootste deel van dit boek geschreven. Hij neemt u mee, zowel naar wat hij heeft gezien en meegemaakt tijdens zijn reizen door Isra\u00ebl, als naar de<br \/>\nontdekkingen die hij heeft gedaan in de Bijbel over Gods plan met Isra\u00ebl.<\/p>\n<p>Frank van Oordt, Hoofd Educatie bij Christenen voor Isra\u00ebl:<br \/>\nDit boek is voor ieder actief christen een mustread, zeker als je je eigenlijk nog nooit met Isra\u00ebl hebt beziggehouden. Door het eenvoudige taalgebruik en de heldere uitleg<br \/>\nzal het zeker ook jongeren aanspreken. Oscar Lohuis heeft het talent vanuit persoonlijke betrokkenheid te laten zien dat we niet om Isra\u00ebl heen kunnen. In korte hoofdstukken en<br \/>\nmet voorbeelden uit zijn eigen leven verduidelijkt hij het plan van God met deze wereld, zoals de Bijbel dat beschrijft.<\/p>\n<p>Oscar Lohuis is predikant en werkt als rondreizend spreker en schrijver.<\/p>\n<p>Uitgeverij:\u00a0 <a href=\"https:\/\/www.goednieuwsbediening.nl\/\">Goed Nieuws Bediening<\/a><\/p>\n","protected":false},"featured_media":3314,"comment_status":"open","ping_status":"closed","template":"","meta":[],"product_brand":[],"product_cat":[15],"product_tag":[65],"class_list":{"0":"post-3313","1":"product","2":"type-product","3":"status-publish","4":"has-post-thumbnail","6":"product_cat-boeken","7":"product_tag-oscar-lohuis","9":"first","10":"instock","11":"shipping-taxable","12":"purchasable","13":"product-type-simple"},"_links":{"self":[{"href":"https:\/\/pillaroffire.nl\/winkel\/wp-json\/wp\/v2\/product\/3313","targetHints":{"allow":["GET"]}}],"collection":[{"href":"https:\/\/pillaroffire.nl\/winkel\/wp-json\/wp\/v2\/product"}],"about":[{"href":"https:\/\/pillaroffire.nl\/winkel\/wp-json\/wp\/v2\/types\/product"}],"replies":[{"embeddable":true,"href":"https:\/\/pillaroffire.nl\/winkel\/wp-json\/wp\/v2\/comments?post=3313"}],"wp:featuredmedia":[{"embeddable":true,"href":"https:\/\/pillaroffire.nl\/winkel\/wp-json\/wp\/v2\/media\/3314"}],"wp:attachment":[{"href":"https:\/\/pillaroffire.nl\/winkel\/wp-json\/wp\/v2\/media?parent=3313"}],"wp:term":[{"taxonomy":"product_brand","embeddable":true,"href":"https:\/\/pillaroffire.nl\/winkel\/wp-json\/wp\/v2\/product_brand?post=3313"},{"taxonomy":"product_cat","embeddable":true,"href":"https:\/\/pillaroffire.nl\/winkel\/wp-json\/wp\/v2\/product_cat?post=3313"},{"taxonomy":"product_tag","embeddable":true,"href":"https:\/\/pillaroffire.nl\/winkel\/wp-json\/wp\/v2\/product_tag?post=3313"}],"curies":[{"name":"wp","href":"https:\/\/api.w.org\/{rel}","templated":true}]}}