{"id":4429,"date":"2025-07-19T12:01:37","date_gmt":"2025-07-19T10:01:37","guid":{"rendered":"https:\/\/pillaroffire.nl\/winkel\/?post_type=product&#038;p=4429"},"modified":"2025-09-02T10:15:02","modified_gmt":"2025-09-02T08:15:02","slug":"daily-bread-torah-leesrooster-5786-2025-2026-dames-editie","status":"publish","type":"product","link":"https:\/\/pillaroffire.nl\/winkel\/product\/daily-bread-torah-leesrooster-5786-2025-2026-dames-editie\/","title":{"rendered":"Daily Bread &#8211; Torah-leesrooster 5786 2025-2026 (dames editie)"},"content":{"rendered":"<p><strong>Daily Bread,<\/strong> het populaire leesplan van Lars Enarson, is opnieuw beschikbaar! Ook weer in een speciale uitvoering voor dames (d.w.z. alleen met ander omslag;\u00a0 de inhoud is hetzelfde als de algemene uitvoering).<\/p>\n<p><em><strong>Lees mee met Isra\u00ebl!<br \/>\n<\/strong><\/em>Daily Bread (Dagelijks Brood &#8211; <em>Engelstalig<\/em> dagboekje) volgt dezelfde Schriftgedeelten die wekelijks door heel Isra\u00ebl worden bestudeerd en vullen deze aan met de rest van de Bijbelse tekst.<\/p>\n<p><em><strong>Kijkt naar de Schrift zoals de apostelen deden\u2028<\/strong><\/em><br \/>\nHet leesplan volgt dezelfde Joodse partities van de Schrift die de Messias en de apostelen volgden (zie Lukas 24:44) en geleidt u elke dag door een gedeelte van deze Schriftgedeelten.<\/p>\n<p><em><strong>Het volgt het Bijbelse jaar, wanneer het in een jaar wordt gelezen<\/strong><\/em><br \/>\nHet leesplan bevat een overvloed aan informatie over de Joodse kalender, de (Bijbelse) feesten en anekdotes over Bijbelse en historische gebeurtenissen.&#8221;<\/p>\n<p><em><strong>DISCIPELEN HELPEN OM STUDENTEN VAN DE HELE BIJBEL TE WORDEN<br \/>\n<\/strong><\/em>Meer dan een bijbelleesplan voor \u00e9\u00e9n jaar! Lees elke dag een gedeelte uit de Torah, een gedeelte uit de Profeten, een gedeelte uit de Schriften en een gedeelte uit de Apostelen (Nieuwe Testament). Journaliseer je studies in een dagelijkse devotie terwijl je de Bijbelse Hebreeuwse kalender volgt met al zijn feesten, speciale gelegenheden en historische gebeurtenissen. Rijk aan mogelijkheden en details helpt Daily Bread discipelen van Messiah om gedisciplineerde studenten van de hele Bijbel te worden.<\/p>\n<p><em><strong>NIEUW ONTWERP OMSLAG<br \/>\n<\/strong><\/em>We houden ervan om elk jaar een nieuwe cover te ontwerpen voor ons Dames editie. Na een enqu\u00eate onder onze volgers op social media ontdekten we dat onze marineblauwe omslag de afgelopen jaren favoriet was. Ter ere van Isra\u00ebl hebben we een nieuw marineblauw ontwerp gemaakt, ge\u00efnspireerd op de populaire Isra\u00eblische Marokkaanse esthetiek &#8211; met een prachtig Marokkaans tegelpatroon met gouden accenten. We hopen dat je er net zoveel van houdt als wij. Am Isra\u00ebl Chai! &#8220;Het volk van Isra\u00ebl leeft!<\/p>\n<p><em><strong>UITGELICHT IN DE PODCAST DAGELIJKS BROOD VOOR DRUKKE MOEDERS!<br \/>\n<\/strong><\/em>Zie podcast op <a href=\"https:\/\/www.dailybreadmoms.com\/\" target=\"_blank\" rel=\"noopener\"><span style=\"text-decoration: underline;\">https:\/\/www.dailybreadmoms.com\/<\/span><\/a><br \/>\n<a href=\"https:\/\/www.dailybreadmoms.com\/\" target=\"_blank\" rel=\"attachment noopener wp-att-4436\"><img loading=\"lazy\" decoding=\"async\" class=\"alignnone size-medium wp-image-4436\" src=\"https:\/\/pillaroffire.nl\/winkel\/wp-content\/uploads\/2025\/07\/Busy-Moms-Cover-2022-v2.2_480x480-300x300.webp\" alt=\"\" width=\"300\" height=\"300\" srcset=\"https:\/\/pillaroffire.nl\/winkel\/wp-content\/uploads\/2025\/07\/Busy-Moms-Cover-2022-v2.2_480x480-300x300.webp 300w, https:\/\/pillaroffire.nl\/winkel\/wp-content\/uploads\/2025\/07\/Busy-Moms-Cover-2022-v2.2_480x480-150x150.webp 150w, https:\/\/pillaroffire.nl\/winkel\/wp-content\/uploads\/2025\/07\/Busy-Moms-Cover-2022-v2.2_480x480-324x324.webp 324w, https:\/\/pillaroffire.nl\/winkel\/wp-content\/uploads\/2025\/07\/Busy-Moms-Cover-2022-v2.2_480x480-416x416.webp 416w, https:\/\/pillaroffire.nl\/winkel\/wp-content\/uploads\/2025\/07\/Busy-Moms-Cover-2022-v2.2_480x480-100x100.webp 100w, https:\/\/pillaroffire.nl\/winkel\/wp-content\/uploads\/2025\/07\/Busy-Moms-Cover-2022-v2.2_480x480.webp 480w\" sizes=\"auto, (max-width: 300px) 100vw, 300px\" \/><\/a><\/p>\n<p>Kenmerken:<br \/>\nPrachtig gebonden boek in het Engels<br \/>\nRevolutionair Bijbelleesplan voor \u00e9\u00e9n jaar<br \/>\nVolgt de wekelijkse Torah portie<br \/>\nEen pagina per dag met ruimte voor notities en dagboeken<br \/>\nUitgebreide Joodse kalender met Bijbelse data<br \/>\nRoyale hoeveelheid Bijbelse &amp; Historische Informatie<br \/>\nTraditionele &amp; Messiaanse Zegeningen voor Bijbelstudie<br \/>\nVolledige lijst van Torah Porties<br \/>\nBoekbinding is genaaid gebrocheerd, lintmarkering<br \/>\n380 pagina&#8217;s<br \/>\n6,9&#215;5 in (175&#215;128 mm)<\/p>\n<p>Inclusief optionele track voor het lezen door de Apostolische Geschriften (NT) twee keer per jaar, dagelijks bestuderen van de evangeli\u00ebn en brieven.<br \/>\nHet leesplan beslaat 25 oktober 2024 &#8211; 15 oktober 2025 (Simchat Thora 5785 t\/m Simchat Thora 5786).<\/p>\n<p><strong><a href=\"https:\/\/pillaroffire.nl\/winkel\/?attachment_id=4435\" target=\"_blank\" rel=\"attachment noopener wp-att-4435\"><span style=\"text-decoration: underline;\">Link naar inkijk exemplaar DAILY BREAD 5786 2025-2026<\/span><\/a><\/strong><\/p>\n<p>Uitgeverij:\u00a0 Ariel Media<\/p>\n","protected":false},"excerpt":{"rendered":"<p><strong>Daily Bread,<\/strong> het populaire leesplan van Lars Enarson, is opnieuw beschikbaar! Ook weer in een speciale uitvoering voor dames (d.w.z. alleen met ander omslag;\u00a0 de inhoud is hetzelfde als de algemene uitvoering).<\/p>\n<p><strong><a href=\"https:\/\/pillaroffire.nl\/winkel\/?attachment_id=4435\" target=\"_blank\" rel=\"attachment noopener wp-att-4435\"><span style=\"text-decoration: underline;\">Link naar inkijk exemplaar DAILY BREAD 5786 2025-2026<\/span><\/a><\/strong><\/p>\n<p>Uitgeverij:\u00a0 Ariel Media<\/p>\n","protected":false},"featured_media":4445,"comment_status":"open","ping_status":"closed","template":"","meta":[],"product_brand":[],"product_cat":[15],"product_tag":[34],"class_list":{"0":"post-4429","1":"product","2":"type-product","3":"status-publish","4":"has-post-thumbnail","6":"product_cat-boeken","7":"product_tag-daily-bread","9":"first","10":"outofstock","11":"shipping-taxable","12":"purchasable","13":"product-type-simple"},"_links":{"self":[{"href":"https:\/\/pillaroffire.nl\/winkel\/wp-json\/wp\/v2\/product\/4429","targetHints":{"allow":["GET"]}}],"collection":[{"href":"https:\/\/pillaroffire.nl\/winkel\/wp-json\/wp\/v2\/product"}],"about":[{"href":"https:\/\/pillaroffire.nl\/winkel\/wp-json\/wp\/v2\/types\/product"}],"replies":[{"embeddable":true,"href":"https:\/\/pillaroffire.nl\/winkel\/wp-json\/wp\/v2\/comments?post=4429"}],"wp:featuredmedia":[{"embeddable":true,"href":"https:\/\/pillaroffire.nl\/winkel\/wp-json\/wp\/v2\/media\/4445"}],"wp:attachment":[{"href":"https:\/\/pillaroffire.nl\/winkel\/wp-json\/wp\/v2\/media?parent=4429"}],"wp:term":[{"taxonomy":"product_brand","embeddable":true,"href":"https:\/\/pillaroffire.nl\/winkel\/wp-json\/wp\/v2\/product_brand?post=4429"},{"taxonomy":"product_cat","embeddable":true,"href":"https:\/\/pillaroffire.nl\/winkel\/wp-json\/wp\/v2\/product_cat?post=4429"},{"taxonomy":"product_tag","embeddable":true,"href":"https:\/\/pillaroffire.nl\/winkel\/wp-json\/wp\/v2\/product_tag?post=4429"}],"curies":[{"name":"wp","href":"https:\/\/api.w.org\/{rel}","templated":true}]}}