{"id":912,"date":"2019-01-22T15:42:09","date_gmt":"2019-01-22T15:42:09","guid":{"rendered":"https:\/\/pillaroffire.nl\/winkel\/?post_type=product&#038;p=912"},"modified":"2024-07-13T11:08:12","modified_gmt":"2024-07-13T11:08:12","slug":"israel-in-het-nieuws","status":"publish","type":"product","link":"https:\/\/pillaroffire.nl\/winkel\/product\/israel-in-het-nieuws\/","title":{"rendered":"Israel in het nieuws"},"content":{"rendered":"","protected":false},"excerpt":{"rendered":"<p>Steeds meer mensen worden zich bewust van de centrale plaats die Isra\u00ebl inneemt op het wereldtoneel. Niet alleen christenen beseffen in toenemende mate de belangen achter het Palestijns-Isra\u00eblisch conflict, maar ook de seculiere media besteden \u2013 bewust of onbewust \u2013 vrijwel dagelijks aandacht aan die kleine strook land aan de Middellandse Zee.<\/p>\n<p>* Wat heeft Gods plan met Isra\u00ebl te maken met Gods verbondstrouw aan mij?<br \/>\n* Hoe kan ik de actualiteit in Isra\u00ebl duiden in het licht van de eindtijd en Gods plan?<br \/>\n* Hoe kan ik gestalte geven aan het \u2018bidden voor de vrede van Jeruzalem\u2019?<\/p>\n<p>Uit het boekje: &#8220;Als je archieven zou samenstellen van alle krantenberichten en publicaties over ieder land afzonderlijk, dan zou het archief van Isra\u00ebl, \u00e9\u00e9n van de kleinste landjes ter wereld \u2013 waarschijnlijk met kop en schouders uitsteken boven alle andere landen. Er is iets aan de hand met Isra\u00ebl. De studie in dit boekje zal duidelijk maken wat dat is en bovendien de niet aflatende stroom van berichtgeving omtrent Isra\u00ebl en de Joden plaatsen in het licht van de bijbel.&#8221;<\/p>\n","protected":false},"featured_media":913,"comment_status":"open","ping_status":"closed","template":"","meta":[],"product_brand":[],"product_cat":[15],"product_tag":[],"class_list":{"0":"post-912","1":"product","2":"type-product","3":"status-publish","4":"has-post-thumbnail","6":"product_cat-boeken","8":"first","9":"instock","10":"shipping-taxable","11":"purchasable","12":"product-type-simple"},"_links":{"self":[{"href":"https:\/\/pillaroffire.nl\/winkel\/wp-json\/wp\/v2\/product\/912","targetHints":{"allow":["GET"]}}],"collection":[{"href":"https:\/\/pillaroffire.nl\/winkel\/wp-json\/wp\/v2\/product"}],"about":[{"href":"https:\/\/pillaroffire.nl\/winkel\/wp-json\/wp\/v2\/types\/product"}],"replies":[{"embeddable":true,"href":"https:\/\/pillaroffire.nl\/winkel\/wp-json\/wp\/v2\/comments?post=912"}],"wp:featuredmedia":[{"embeddable":true,"href":"https:\/\/pillaroffire.nl\/winkel\/wp-json\/wp\/v2\/media\/913"}],"wp:attachment":[{"href":"https:\/\/pillaroffire.nl\/winkel\/wp-json\/wp\/v2\/media?parent=912"}],"wp:term":[{"taxonomy":"product_brand","embeddable":true,"href":"https:\/\/pillaroffire.nl\/winkel\/wp-json\/wp\/v2\/product_brand?post=912"},{"taxonomy":"product_cat","embeddable":true,"href":"https:\/\/pillaroffire.nl\/winkel\/wp-json\/wp\/v2\/product_cat?post=912"},{"taxonomy":"product_tag","embeddable":true,"href":"https:\/\/pillaroffire.nl\/winkel\/wp-json\/wp\/v2\/product_tag?post=912"}],"curies":[{"name":"wp","href":"https:\/\/api.w.org\/{rel}","templated":true}]}}