{"id":97,"date":"2017-12-01T11:16:43","date_gmt":"2017-12-01T11:16:43","guid":{"rendered":"https:\/\/pillaroffire.nl\/winkel\/?post_type=product&#038;p=97"},"modified":"2025-05-09T19:14:21","modified_gmt":"2025-05-09T17:14:21","slug":"der-stein-des-anstosses","status":"publish","type":"product","link":"https:\/\/pillaroffire.nl\/winkel\/product\/der-stein-des-anstosses\/","title":{"rendered":"Der Stein des Anstosses &#8211; Lars Enarson"},"content":{"rendered":"","protected":false},"excerpt":{"rendered":"<p>&#8220;Siehe, ich lege in Zion einen auserw\u00e4hlten, kostbaren Eckstein; und wer an ihn glaubt, der soll nicht zuschanden werden.&#8221; (1. Petrus 2,6). In diesem wichtigen und sehr notwendigem Buch gibt Lars Enarson eine biblische \u00dcbersicht \u00fcber den Glauben an die Gottheit des Messias. Er macht hier auch deutlich, dass genau so, wie die Einheit von Jeshua mit seinem Vater ein Stolperstein f\u00fcr die j\u00fcdischen Leiter geworden ist, Sein Menschsein als Jude und Erbe von Davids Thron schlussendlich ein Stolperstein f\u00fcr die Kirche geworden ist. Wir m\u00fcssen das biblische Zeugnis des Messias in unserer Zeit wieder neu entdecken.<\/p>\n<p>Lars Enarson ist ein schwedischer Autor und Bibellehrer der seit den 70er Jahren eine deutliche prophetische Stimme erklingen l\u00e4sst. Er ist der Gr\u00fcnder und Pr\u00e4sident von \u201eThe Watchman International\u201c (thewatchman.org) eine Organisation, die darauf gerichtet ist, &#8220;den Weg f\u00fcr den Messias zu bereiten, von den Enden der Erde bis nach Jerusalem.&#8221;<br \/>\nVon seinem Wohnort in Jersualem aus bereist er viele L\u00e4nder, um dort Menschen zu unterrichten und sie f\u00fcr das Gebet f\u00fcr Israel zu mobilisieren, indem er Seminare, B\u00fccher und TV-Programme leitet.<\/p>\n<p>Ausgegeben durch<br \/>\nStiftung Pillar of Fire<br \/>\nin Zusammenarbeit mit Lars Enarson &#8211; <a href=\"https:\/\/www.thewatchman.org\/\">thewatchman.org<\/a><\/p>\n","protected":false},"featured_media":4099,"comment_status":"open","ping_status":"closed","template":"","meta":[],"product_brand":[],"product_cat":[15],"product_tag":[],"class_list":{"0":"post-97","1":"product","2":"type-product","3":"status-publish","4":"has-post-thumbnail","6":"product_cat-boeken","8":"first","9":"instock","10":"shipping-taxable","11":"purchasable","12":"product-type-simple"},"_links":{"self":[{"href":"https:\/\/pillaroffire.nl\/winkel\/wp-json\/wp\/v2\/product\/97","targetHints":{"allow":["GET"]}}],"collection":[{"href":"https:\/\/pillaroffire.nl\/winkel\/wp-json\/wp\/v2\/product"}],"about":[{"href":"https:\/\/pillaroffire.nl\/winkel\/wp-json\/wp\/v2\/types\/product"}],"replies":[{"embeddable":true,"href":"https:\/\/pillaroffire.nl\/winkel\/wp-json\/wp\/v2\/comments?post=97"}],"wp:featuredmedia":[{"embeddable":true,"href":"https:\/\/pillaroffire.nl\/winkel\/wp-json\/wp\/v2\/media\/4099"}],"wp:attachment":[{"href":"https:\/\/pillaroffire.nl\/winkel\/wp-json\/wp\/v2\/media?parent=97"}],"wp:term":[{"taxonomy":"product_brand","embeddable":true,"href":"https:\/\/pillaroffire.nl\/winkel\/wp-json\/wp\/v2\/product_brand?post=97"},{"taxonomy":"product_cat","embeddable":true,"href":"https:\/\/pillaroffire.nl\/winkel\/wp-json\/wp\/v2\/product_cat?post=97"},{"taxonomy":"product_tag","embeddable":true,"href":"https:\/\/pillaroffire.nl\/winkel\/wp-json\/wp\/v2\/product_tag?post=97"}],"curies":[{"name":"wp","href":"https:\/\/api.w.org\/{rel}","templated":true}]}}